{"id":5273,"date":"2023-10-26T10:27:22","date_gmt":"2023-10-26T08:27:22","guid":{"rendered":"https:\/\/www.vinice-hnanice.cz\/shop\/vydejni-mista\/"},"modified":"2024-02-21T11:07:03","modified_gmt":"2024-02-21T10:07:03","slug":"vydejni-mista","status":"publish","type":"page","link":"https:\/\/www.vinice-hnanice.cz\/de\/shop\/vydejni-mista\/","title":{"rendered":"Lieferstellen"},"content":{"rendered":"\n<div style=\"height:100px\" aria-hidden=\"true\" class=\"wp-block-spacer\"><\/div>\n\n\n\n<div class=\"wp-block-columns is-layout-flex wp-container-core-columns-is-layout-1 wp-block-columns-is-layout-flex\">\n<div class=\"wp-block-column is-layout-flow wp-block-column-is-layout-flow\">\n<p>Weinhandlungen<\/p>\n\n\n\n<ul class=\"wp-block-list\">\n<li>Enot\u00e9ka, Hradn\u00ed, Znojmo<\/li>\n\n\n\n<li>Vinot\u00e9ka V\u00ednov\u00edn, Pra\u017esk\u00e1 3737\/102, Znojmo<\/li>\n\n\n\n<li>V\u00e1\u0161 Sv\u011bt n\u00e1poj\u016f, Nov\u00e9 Sady 601\/37, Brno<\/li>\n\n\n\n<li>Akademick\u00e1 vinot\u00e9ka, Zem\u011bd\u011blsk\u00e1 5, Brno<\/li>\n\n\n\n<li>Vinot\u00e9ka Janetta, M\u00edsteck\u00e1 358, Paskov<\/li>\n\n\n\n<li>PIVOT\u00c9KA s.r.o., Doln\u00ed novosadsk\u00e1 48\/46, Olomouc<\/li>\n\n\n\n<li>SALENAT\u00c9KA, Svitavsk\u00e1 500\/7, Blansko<\/li>\n<\/ul>\n<\/div>\n\n\n\n<div class=\"wp-block-column is-layout-flow wp-block-column-is-layout-flow\">\n<p>Mitarbeitende Verk\u00e4ufer<\/p>\n\n\n\n<ul class=\"wp-block-list\">\n<li>Harmonia vini, P\u00e1tek 3, Pod\u011bbrady<\/li>\n\n\n\n<li>DAVINUS s.r.o., Na v\u00fdsp\u011b 1823\/66, Praha<\/li>\n\n\n\n<li>VICOM spol. s r.o., Jankovcova 6, Praha<\/li>\n\n\n\n<li>Vina\u0159stv\u00ed U Kapli\u010dky s.r.o., Zaje\u010d\u00ed<\/li>\n\n\n\n<li>DIOS TRADING, Husova 593, Mod\u0159ice<\/li>\n\n\n\n<li>Brabec velkoobchod s.r.o., Pocoucov 83, T\u0159eb\u00ed\u010d<\/li>\n<\/ul>\n<\/div>\n<\/div>\n","protected":false},"excerpt":{"rendered":"<p>Weinhandlungen Mitarbeitende Verk\u00e4ufer<\/p>\n","protected":false},"author":1,"featured_media":0,"parent":3532,"menu_order":76,"comment_status":"closed","ping_status":"closed","template":"templates\/svatba.php","meta":{"inline_featured_image":false,"footnotes":""},"class_list":["post-5273","page","type-page","status-publish","hentry"],"acf":[],"yoast_head":"<!-- This site is optimized with the Yoast SEO Premium plugin v20.5 (Yoast SEO v21.7) - https:\/\/yoast.com\/wordpress\/plugins\/seo\/ -->\n<title>Lieferstellen &#8211; Vinice Hnanice<\/title>\n<meta name=\"description\" content=\"Hotel, Penzion, prodej v\u00edna, sklepy, vina\u0159stv\u00ed - hotel ur\u010den\u00fd pro priv\u00e1tn\u00ed i firemn\u00ed klientelu, kongresov\u00e9 centrum, ide\u00e1ln\u00ed pro firemn\u00ed akce.\" \/>\n<meta name=\"robots\" content=\"index, follow, max-snippet:-1, max-image-preview:large, max-video-preview:-1\" \/>\n<link rel=\"canonical\" href=\"https:\/\/www.vinice-hnanice.cz\/de\/shop\/vydejni-mista\/\" \/>\n<meta property=\"og:locale\" content=\"de_DE\" \/>\n<meta property=\"og:type\" content=\"article\" \/>\n<meta property=\"og:title\" content=\"Lieferstellen\" \/>\n<meta property=\"og:description\" content=\"Hotel, Penzion, prodej v\u00edna, sklepy, vina\u0159stv\u00ed - hotel ur\u010den\u00fd pro priv\u00e1tn\u00ed i firemn\u00ed klientelu, kongresov\u00e9 centrum, ide\u00e1ln\u00ed pro firemn\u00ed akce.\" \/>\n<meta property=\"og:url\" content=\"https:\/\/www.vinice-hnanice.cz\/de\/shop\/vydejni-mista\/\" \/>\n<meta property=\"og:site_name\" content=\"Vinice Hnanice\" \/>\n<meta property=\"article:modified_time\" content=\"2024-02-21T10:07:03+00:00\" \/>\n<meta name=\"twitter:card\" content=\"summary_large_image\" \/>\n<meta name=\"twitter:label1\" content=\"Gesch\u00e4tzte Lesezeit\" \/>\n\t<meta name=\"twitter:data1\" content=\"1\u00a0Minute\" \/>\n<script type=\"application\/ld+json\" class=\"yoast-schema-graph\">{\"@context\":\"https:\/\/schema.org\",\"@graph\":[{\"@type\":\"WebPage\",\"@id\":\"https:\/\/www.vinice-hnanice.cz\/de\/shop\/vydejni-mista\/\",\"url\":\"https:\/\/www.vinice-hnanice.cz\/de\/shop\/vydejni-mista\/\",\"name\":\"Lieferstellen &#8211; Vinice Hnanice\",\"isPartOf\":{\"@id\":\"https:\/\/www.vinice-hnanice.cz\/de\/#website\"},\"datePublished\":\"2023-10-26T08:27:22+00:00\",\"dateModified\":\"2024-02-21T10:07:03+00:00\",\"description\":\"Hotel, Penzion, prodej v\u00edna, sklepy, vina\u0159stv\u00ed - hotel ur\u010den\u00fd pro priv\u00e1tn\u00ed i firemn\u00ed klientelu, kongresov\u00e9 centrum, ide\u00e1ln\u00ed pro firemn\u00ed akce.\",\"breadcrumb\":{\"@id\":\"https:\/\/www.vinice-hnanice.cz\/de\/shop\/vydejni-mista\/#breadcrumb\"},\"inLanguage\":\"de\",\"potentialAction\":[{\"@type\":\"ReadAction\",\"target\":[\"https:\/\/www.vinice-hnanice.cz\/de\/shop\/vydejni-mista\/\"]}]},{\"@type\":\"BreadcrumbList\",\"@id\":\"https:\/\/www.vinice-hnanice.cz\/de\/shop\/vydejni-mista\/#breadcrumb\",\"itemListElement\":[{\"@type\":\"ListItem\",\"position\":1,\"name\":\"E-shop\",\"item\":\"https:\/\/www.vinice-hnanice.cz\/de\/\"},{\"@type\":\"ListItem\",\"position\":2,\"name\":\"Shop\",\"item\":\"https:\/\/www.vinice-hnanice.cz\/de\/shop\/\"},{\"@type\":\"ListItem\",\"position\":3,\"name\":\"Lieferstellen\"}]},{\"@type\":\"WebSite\",\"@id\":\"https:\/\/www.vinice-hnanice.cz\/de\/#website\",\"url\":\"https:\/\/www.vinice-hnanice.cz\/de\/\",\"name\":\"Vinice Hnanice\",\"description\":\"\",\"publisher\":{\"@id\":\"https:\/\/www.vinice-hnanice.cz\/de\/#organization\"},\"potentialAction\":[{\"@type\":\"SearchAction\",\"target\":{\"@type\":\"EntryPoint\",\"urlTemplate\":\"https:\/\/www.vinice-hnanice.cz\/de\/?s={search_term_string}\"},\"query-input\":\"required name=search_term_string\"}],\"inLanguage\":\"de\"},{\"@type\":\"Organization\",\"@id\":\"https:\/\/www.vinice-hnanice.cz\/de\/#organization\",\"name\":\"Vinice Hnanice\",\"url\":\"https:\/\/www.vinice-hnanice.cz\/de\/\",\"logo\":{\"@type\":\"ImageObject\",\"inLanguage\":\"de\",\"@id\":\"https:\/\/www.vinice-hnanice.cz\/de\/#\/schema\/logo\/image\/\",\"url\":\"https:\/\/www.vinice-hnanice.cz\/wp-content\/uploads\/2023\/10\/logo.svg\",\"contentUrl\":\"https:\/\/www.vinice-hnanice.cz\/wp-content\/uploads\/2023\/10\/logo.svg\",\"width\":144,\"height\":48,\"caption\":\"Vinice Hnanice\"},\"image\":{\"@id\":\"https:\/\/www.vinice-hnanice.cz\/de\/#\/schema\/logo\/image\/\"}}]}<\/script>\n<!-- \/ Yoast SEO Premium plugin. -->","yoast_head_json":{"title":"Lieferstellen &#8211; Vinice Hnanice","description":"Hotel, Penzion, prodej v\u00edna, sklepy, vina\u0159stv\u00ed - hotel ur\u010den\u00fd pro priv\u00e1tn\u00ed i firemn\u00ed klientelu, kongresov\u00e9 centrum, ide\u00e1ln\u00ed pro firemn\u00ed akce.","robots":{"index":"index","follow":"follow","max-snippet":"max-snippet:-1","max-image-preview":"max-image-preview:large","max-video-preview":"max-video-preview:-1"},"canonical":"https:\/\/www.vinice-hnanice.cz\/de\/shop\/vydejni-mista\/","og_locale":"de_DE","og_type":"article","og_title":"Lieferstellen","og_description":"Hotel, Penzion, prodej v\u00edna, sklepy, vina\u0159stv\u00ed - hotel ur\u010den\u00fd pro priv\u00e1tn\u00ed i firemn\u00ed klientelu, kongresov\u00e9 centrum, ide\u00e1ln\u00ed pro firemn\u00ed akce.","og_url":"https:\/\/www.vinice-hnanice.cz\/de\/shop\/vydejni-mista\/","og_site_name":"Vinice Hnanice","article_modified_time":"2024-02-21T10:07:03+00:00","twitter_card":"summary_large_image","twitter_misc":{"Gesch\u00e4tzte Lesezeit":"1\u00a0Minute"},"schema":{"@context":"https:\/\/schema.org","@graph":[{"@type":"WebPage","@id":"https:\/\/www.vinice-hnanice.cz\/de\/shop\/vydejni-mista\/","url":"https:\/\/www.vinice-hnanice.cz\/de\/shop\/vydejni-mista\/","name":"Lieferstellen &#8211; Vinice Hnanice","isPartOf":{"@id":"https:\/\/www.vinice-hnanice.cz\/de\/#website"},"datePublished":"2023-10-26T08:27:22+00:00","dateModified":"2024-02-21T10:07:03+00:00","description":"Hotel, Penzion, prodej v\u00edna, sklepy, vina\u0159stv\u00ed - hotel ur\u010den\u00fd pro priv\u00e1tn\u00ed i firemn\u00ed klientelu, kongresov\u00e9 centrum, ide\u00e1ln\u00ed pro firemn\u00ed akce.","breadcrumb":{"@id":"https:\/\/www.vinice-hnanice.cz\/de\/shop\/vydejni-mista\/#breadcrumb"},"inLanguage":"de","potentialAction":[{"@type":"ReadAction","target":["https:\/\/www.vinice-hnanice.cz\/de\/shop\/vydejni-mista\/"]}]},{"@type":"BreadcrumbList","@id":"https:\/\/www.vinice-hnanice.cz\/de\/shop\/vydejni-mista\/#breadcrumb","itemListElement":[{"@type":"ListItem","position":1,"name":"E-shop","item":"https:\/\/www.vinice-hnanice.cz\/de\/"},{"@type":"ListItem","position":2,"name":"Shop","item":"https:\/\/www.vinice-hnanice.cz\/de\/shop\/"},{"@type":"ListItem","position":3,"name":"Lieferstellen"}]},{"@type":"WebSite","@id":"https:\/\/www.vinice-hnanice.cz\/de\/#website","url":"https:\/\/www.vinice-hnanice.cz\/de\/","name":"Vinice Hnanice","description":"","publisher":{"@id":"https:\/\/www.vinice-hnanice.cz\/de\/#organization"},"potentialAction":[{"@type":"SearchAction","target":{"@type":"EntryPoint","urlTemplate":"https:\/\/www.vinice-hnanice.cz\/de\/?s={search_term_string}"},"query-input":"required name=search_term_string"}],"inLanguage":"de"},{"@type":"Organization","@id":"https:\/\/www.vinice-hnanice.cz\/de\/#organization","name":"Vinice Hnanice","url":"https:\/\/www.vinice-hnanice.cz\/de\/","logo":{"@type":"ImageObject","inLanguage":"de","@id":"https:\/\/www.vinice-hnanice.cz\/de\/#\/schema\/logo\/image\/","url":"https:\/\/www.vinice-hnanice.cz\/wp-content\/uploads\/2023\/10\/logo.svg","contentUrl":"https:\/\/www.vinice-hnanice.cz\/wp-content\/uploads\/2023\/10\/logo.svg","width":144,"height":48,"caption":"Vinice Hnanice"},"image":{"@id":"https:\/\/www.vinice-hnanice.cz\/de\/#\/schema\/logo\/image\/"}}]}},"_links":{"self":[{"href":"https:\/\/www.vinice-hnanice.cz\/de\/wp-json\/wp\/v2\/pages\/5273"}],"collection":[{"href":"https:\/\/www.vinice-hnanice.cz\/de\/wp-json\/wp\/v2\/pages"}],"about":[{"href":"https:\/\/www.vinice-hnanice.cz\/de\/wp-json\/wp\/v2\/types\/page"}],"author":[{"embeddable":true,"href":"https:\/\/www.vinice-hnanice.cz\/de\/wp-json\/wp\/v2\/users\/1"}],"replies":[{"embeddable":true,"href":"https:\/\/www.vinice-hnanice.cz\/de\/wp-json\/wp\/v2\/comments?post=5273"}],"version-history":[{"count":1,"href":"https:\/\/www.vinice-hnanice.cz\/de\/wp-json\/wp\/v2\/pages\/5273\/revisions"}],"predecessor-version":[{"id":5277,"href":"https:\/\/www.vinice-hnanice.cz\/de\/wp-json\/wp\/v2\/pages\/5273\/revisions\/5277"}],"up":[{"embeddable":true,"href":"https:\/\/www.vinice-hnanice.cz\/de\/wp-json\/wp\/v2\/pages\/3532"}],"wp:attachment":[{"href":"https:\/\/www.vinice-hnanice.cz\/de\/wp-json\/wp\/v2\/media?parent=5273"}],"curies":[{"name":"wp","href":"https:\/\/api.w.org\/{rel}","templated":true}]}}