{"id":5079,"date":"2023-10-19T07:31:22","date_gmt":"2023-10-19T05:31:22","guid":{"rendered":"https:\/\/www.vinice-hnanice.cz\/fotogalerie\/"},"modified":"2024-02-20T11:12:14","modified_gmt":"2024-02-20T10:12:14","slug":"fotogalerie","status":"publish","type":"page","link":"https:\/\/www.vinice-hnanice.cz\/de\/fotogalerie\/","title":{"rendered":"Fotogalerien"},"content":{"rendered":"","protected":false},"excerpt":{"rendered":"","protected":false},"author":1,"featured_media":0,"parent":0,"menu_order":28,"comment_status":"closed","ping_status":"closed","template":"templates\/galerie.php","meta":{"inline_featured_image":false,"footnotes":""},"class_list":["post-5079","page","type-page","status-publish","hentry"],"acf":[],"yoast_head":"<!-- This site is optimized with the Yoast SEO Premium plugin v20.5 (Yoast SEO v21.7) - https:\/\/yoast.com\/wordpress\/plugins\/seo\/ -->\n<title>Fotogalerien &#8211; Vinice Hnanice<\/title>\n<meta name=\"description\" content=\"Hotel, Penzion, prodej v\u00edna, sklepy, vina\u0159stv\u00ed - hotel ur\u010den\u00fd pro priv\u00e1tn\u00ed i firemn\u00ed klientelu, kongresov\u00e9 centrum, ide\u00e1ln\u00ed pro firemn\u00ed akce.\" \/>\n<meta name=\"robots\" content=\"index, follow, max-snippet:-1, max-image-preview:large, max-video-preview:-1\" \/>\n<link rel=\"canonical\" href=\"https:\/\/www.vinice-hnanice.cz\/de\/fotogalerie\/\" \/>\n<meta property=\"og:locale\" content=\"de_DE\" \/>\n<meta property=\"og:type\" content=\"article\" \/>\n<meta property=\"og:title\" content=\"Fotogalerien\" \/>\n<meta property=\"og:description\" content=\"Hotel, Penzion, prodej v\u00edna, sklepy, vina\u0159stv\u00ed - hotel ur\u010den\u00fd pro priv\u00e1tn\u00ed i firemn\u00ed klientelu, kongresov\u00e9 centrum, ide\u00e1ln\u00ed pro firemn\u00ed akce.\" \/>\n<meta property=\"og:url\" content=\"https:\/\/www.vinice-hnanice.cz\/de\/fotogalerie\/\" \/>\n<meta property=\"og:site_name\" content=\"Vinice Hnanice\" \/>\n<meta property=\"article:modified_time\" content=\"2024-02-20T10:12:14+00:00\" \/>\n<meta name=\"twitter:card\" content=\"summary_large_image\" \/>\n<script type=\"application\/ld+json\" class=\"yoast-schema-graph\">{\"@context\":\"https:\/\/schema.org\",\"@graph\":[{\"@type\":\"WebPage\",\"@id\":\"https:\/\/www.vinice-hnanice.cz\/de\/fotogalerie\/\",\"url\":\"https:\/\/www.vinice-hnanice.cz\/de\/fotogalerie\/\",\"name\":\"Fotogalerien &#8211; Vinice Hnanice\",\"isPartOf\":{\"@id\":\"https:\/\/www.vinice-hnanice.cz\/de\/#website\"},\"datePublished\":\"2023-10-19T05:31:22+00:00\",\"dateModified\":\"2024-02-20T10:12:14+00:00\",\"description\":\"Hotel, Penzion, prodej v\u00edna, sklepy, vina\u0159stv\u00ed - hotel ur\u010den\u00fd pro priv\u00e1tn\u00ed i firemn\u00ed klientelu, kongresov\u00e9 centrum, ide\u00e1ln\u00ed pro firemn\u00ed akce.\",\"breadcrumb\":{\"@id\":\"https:\/\/www.vinice-hnanice.cz\/de\/fotogalerie\/#breadcrumb\"},\"inLanguage\":\"de\",\"potentialAction\":[{\"@type\":\"ReadAction\",\"target\":[\"https:\/\/www.vinice-hnanice.cz\/de\/fotogalerie\/\"]}]},{\"@type\":\"BreadcrumbList\",\"@id\":\"https:\/\/www.vinice-hnanice.cz\/de\/fotogalerie\/#breadcrumb\",\"itemListElement\":[{\"@type\":\"ListItem\",\"position\":1,\"name\":\"E-shop\",\"item\":\"https:\/\/www.vinice-hnanice.cz\/de\/\"},{\"@type\":\"ListItem\",\"position\":2,\"name\":\"Fotogalerien\"}]},{\"@type\":\"WebSite\",\"@id\":\"https:\/\/www.vinice-hnanice.cz\/de\/#website\",\"url\":\"https:\/\/www.vinice-hnanice.cz\/de\/\",\"name\":\"Vinice Hnanice\",\"description\":\"\",\"publisher\":{\"@id\":\"https:\/\/www.vinice-hnanice.cz\/de\/#organization\"},\"potentialAction\":[{\"@type\":\"SearchAction\",\"target\":{\"@type\":\"EntryPoint\",\"urlTemplate\":\"https:\/\/www.vinice-hnanice.cz\/de\/?s={search_term_string}\"},\"query-input\":\"required name=search_term_string\"}],\"inLanguage\":\"de\"},{\"@type\":\"Organization\",\"@id\":\"https:\/\/www.vinice-hnanice.cz\/de\/#organization\",\"name\":\"Vinice Hnanice\",\"url\":\"https:\/\/www.vinice-hnanice.cz\/de\/\",\"logo\":{\"@type\":\"ImageObject\",\"inLanguage\":\"de\",\"@id\":\"https:\/\/www.vinice-hnanice.cz\/de\/#\/schema\/logo\/image\/\",\"url\":\"https:\/\/www.vinice-hnanice.cz\/wp-content\/uploads\/2023\/10\/logo.svg\",\"contentUrl\":\"https:\/\/www.vinice-hnanice.cz\/wp-content\/uploads\/2023\/10\/logo.svg\",\"width\":144,\"height\":48,\"caption\":\"Vinice Hnanice\"},\"image\":{\"@id\":\"https:\/\/www.vinice-hnanice.cz\/de\/#\/schema\/logo\/image\/\"}}]}<\/script>\n<!-- \/ Yoast SEO Premium plugin. -->","yoast_head_json":{"title":"Fotogalerien &#8211; Vinice Hnanice","description":"Hotel, Penzion, prodej v\u00edna, sklepy, vina\u0159stv\u00ed - hotel ur\u010den\u00fd pro priv\u00e1tn\u00ed i firemn\u00ed klientelu, kongresov\u00e9 centrum, ide\u00e1ln\u00ed pro firemn\u00ed akce.","robots":{"index":"index","follow":"follow","max-snippet":"max-snippet:-1","max-image-preview":"max-image-preview:large","max-video-preview":"max-video-preview:-1"},"canonical":"https:\/\/www.vinice-hnanice.cz\/de\/fotogalerie\/","og_locale":"de_DE","og_type":"article","og_title":"Fotogalerien","og_description":"Hotel, Penzion, prodej v\u00edna, sklepy, vina\u0159stv\u00ed - hotel ur\u010den\u00fd pro priv\u00e1tn\u00ed i firemn\u00ed klientelu, kongresov\u00e9 centrum, ide\u00e1ln\u00ed pro firemn\u00ed akce.","og_url":"https:\/\/www.vinice-hnanice.cz\/de\/fotogalerie\/","og_site_name":"Vinice Hnanice","article_modified_time":"2024-02-20T10:12:14+00:00","twitter_card":"summary_large_image","schema":{"@context":"https:\/\/schema.org","@graph":[{"@type":"WebPage","@id":"https:\/\/www.vinice-hnanice.cz\/de\/fotogalerie\/","url":"https:\/\/www.vinice-hnanice.cz\/de\/fotogalerie\/","name":"Fotogalerien &#8211; Vinice Hnanice","isPartOf":{"@id":"https:\/\/www.vinice-hnanice.cz\/de\/#website"},"datePublished":"2023-10-19T05:31:22+00:00","dateModified":"2024-02-20T10:12:14+00:00","description":"Hotel, Penzion, prodej v\u00edna, sklepy, vina\u0159stv\u00ed - hotel ur\u010den\u00fd pro priv\u00e1tn\u00ed i firemn\u00ed klientelu, kongresov\u00e9 centrum, ide\u00e1ln\u00ed pro firemn\u00ed akce.","breadcrumb":{"@id":"https:\/\/www.vinice-hnanice.cz\/de\/fotogalerie\/#breadcrumb"},"inLanguage":"de","potentialAction":[{"@type":"ReadAction","target":["https:\/\/www.vinice-hnanice.cz\/de\/fotogalerie\/"]}]},{"@type":"BreadcrumbList","@id":"https:\/\/www.vinice-hnanice.cz\/de\/fotogalerie\/#breadcrumb","itemListElement":[{"@type":"ListItem","position":1,"name":"E-shop","item":"https:\/\/www.vinice-hnanice.cz\/de\/"},{"@type":"ListItem","position":2,"name":"Fotogalerien"}]},{"@type":"WebSite","@id":"https:\/\/www.vinice-hnanice.cz\/de\/#website","url":"https:\/\/www.vinice-hnanice.cz\/de\/","name":"Vinice Hnanice","description":"","publisher":{"@id":"https:\/\/www.vinice-hnanice.cz\/de\/#organization"},"potentialAction":[{"@type":"SearchAction","target":{"@type":"EntryPoint","urlTemplate":"https:\/\/www.vinice-hnanice.cz\/de\/?s={search_term_string}"},"query-input":"required name=search_term_string"}],"inLanguage":"de"},{"@type":"Organization","@id":"https:\/\/www.vinice-hnanice.cz\/de\/#organization","name":"Vinice Hnanice","url":"https:\/\/www.vinice-hnanice.cz\/de\/","logo":{"@type":"ImageObject","inLanguage":"de","@id":"https:\/\/www.vinice-hnanice.cz\/de\/#\/schema\/logo\/image\/","url":"https:\/\/www.vinice-hnanice.cz\/wp-content\/uploads\/2023\/10\/logo.svg","contentUrl":"https:\/\/www.vinice-hnanice.cz\/wp-content\/uploads\/2023\/10\/logo.svg","width":144,"height":48,"caption":"Vinice Hnanice"},"image":{"@id":"https:\/\/www.vinice-hnanice.cz\/de\/#\/schema\/logo\/image\/"}}]}},"_links":{"self":[{"href":"https:\/\/www.vinice-hnanice.cz\/de\/wp-json\/wp\/v2\/pages\/5079"}],"collection":[{"href":"https:\/\/www.vinice-hnanice.cz\/de\/wp-json\/wp\/v2\/pages"}],"about":[{"href":"https:\/\/www.vinice-hnanice.cz\/de\/wp-json\/wp\/v2\/types\/page"}],"author":[{"embeddable":true,"href":"https:\/\/www.vinice-hnanice.cz\/de\/wp-json\/wp\/v2\/users\/1"}],"replies":[{"embeddable":true,"href":"https:\/\/www.vinice-hnanice.cz\/de\/wp-json\/wp\/v2\/comments?post=5079"}],"version-history":[{"count":1,"href":"https:\/\/www.vinice-hnanice.cz\/de\/wp-json\/wp\/v2\/pages\/5079\/revisions"}],"predecessor-version":[{"id":5096,"href":"https:\/\/www.vinice-hnanice.cz\/de\/wp-json\/wp\/v2\/pages\/5079\/revisions\/5096"}],"wp:attachment":[{"href":"https:\/\/www.vinice-hnanice.cz\/de\/wp-json\/wp\/v2\/media?parent=5079"}],"curies":[{"name":"wp","href":"https:\/\/api.w.org\/{rel}","templated":true}]}}